{"id":273,"date":"2018-07-19T03:40:18","date_gmt":"2018-07-19T03:40:18","guid":{"rendered":"https:\/\/soliteck.cl\/web\/about-01\/"},"modified":"2020-09-22T22:21:40","modified_gmt":"2020-09-23T01:21:40","slug":"quienes-somos","status":"publish","type":"page","link":"https:\/\/soliteck.cl\/web\/quienes-somos\/","title":{"rendered":"Qui\u00e9nes Somos"},"content":{"rendered":"<p>[vc_row full_width=&#8221;stretch_row_content_no_spaces&#8221;][vc_column]\n\t\t\t<!-- START About 01 REVOLUTION SLIDER 6.2.22 --><p class=\"rs-p-wp-fix\"><\/p>\n\t\t\t<rs-module-wrap id=\"rev_slider_1_1_wrapper\" data-source=\"gallery\" style=\"background:transparent;padding:0;margin:0px auto;margin-top:0;margin-bottom:0;\">\n\t\t\t\t<rs-module id=\"rev_slider_1_1\" style=\"\" data-version=\"6.2.22\">\n\t\t\t\t\t<rs-slides>\n\t\t\t\t\t\t<rs-slide data-key=\"rs-1\" data-title=\"Slide\" data-anim=\"ei:d;eo:d;s:600;r:0;t:fade;sl:d;\">\n\t\t\t\t\t\t\t<img src=\"\/\/soliteck.cl\/web\/wp-content\/uploads\/2018\/07\/Diseno-sin-titulo-1.png\" title=\"Dise\u00f1o sin t\u00edtulo (1)\" width=\"2650\" height=\"1707\" class=\"rev-slidebg\" data-no-retina>\n<!--\n\t\t\t\t\t\t\t--><rs-layer\n\t\t\t\t\t\t\t\tid=\"slider-1-slide-1-layer-1\" \n\t\t\t\t\t\t\t\tdata-type=\"image\"\n\t\t\t\t\t\t\t\tdata-rsp_ch=\"on\"\n\t\t\t\t\t\t\t\tdata-xy=\"xo:368px,80px,78px,47px;yo:366px,315px,341px,256px;\"\n\t\t\t\t\t\t\t\tdata-text=\"l:22;a:inherit;\"\n\t\t\t\t\t\t\t\tdata-dim=\"w:355px,316px,316px,316px;h:62px,55px,55px,55px;\"\n\t\t\t\t\t\t\t\tdata-frame_999=\"o:0;st:w;sR:8700;\"\n\t\t\t\t\t\t\t\tstyle=\"z-index:5;\"\n\t\t\t\t\t\t\t><img src=\"\/\/soliteck.cl\/web\/wp-content\/uploads\/2018\/07\/logo.png\" width=\"848\" height=\"148\" data-no-retina> \n\t\t\t\t\t\t\t<\/rs-layer><!--\n\n\t\t\t\t\t\t\t--><rs-layer\n\t\t\t\t\t\t\t\tid=\"slider-1-slide-1-layer-2\" \n\t\t\t\t\t\t\t\tdata-type=\"text\"\n\t\t\t\t\t\t\t\tdata-rsp_ch=\"on\"\n\t\t\t\t\t\t\t\tdata-xy=\"xo:369px,75px,75px,52px;yo:229px,383px,403px,325px;\"\n\t\t\t\t\t\t\t\tdata-text=\"w:normal;s:50,50,35,35;l:64,64,45,45;fw:700;a:inherit;\"\n\t\t\t\t\t\t\t\tdata-dim=\"w:881px,881px,600px,400px;\"\n\t\t\t\t\t\t\t\tdata-frame_999=\"o:0;st:w;sR:8700;\"\n\t\t\t\t\t\t\t\tstyle=\"z-index:6;font-family:Roboto;\"\n\t\t\t\t\t\t\t>Cambiar a energ\u00edas renovables, no es solo la mejor opci\u00f3n  \n\t\t\t\t\t\t\t<\/rs-layer><!--\n\n\t\t\t\t\t\t\t--><rs-layer\n\t\t\t\t\t\t\t\tid=\"slider-1-slide-1-layer-3\" \n\t\t\t\t\t\t\t\tclass=\"TM-Button-flat-01 rev-btn\"\n\t\t\t\t\t\t\t\tdata-type=\"button\"\n\t\t\t\t\t\t\t\tdata-color=\"#222222\"\n\t\t\t\t\t\t\t\tdata-xy=\"xo:382px,75px,81px,54px;yo:447px,541px,506px,471px;\"\n\t\t\t\t\t\t\t\tdata-text=\"s:13;l:14;fw:700;a:inherit;\"\n\t\t\t\t\t\t\t\tdata-padding=\"t:17;r:30;b:17;l:30;\"\n\t\t\t\t\t\t\t\tdata-frame_999=\"o:0;st:w;sR:8700;\"\n\t\t\t\t\t\t\t\tdata-frame_hover=\"c:#222;bgc:#fff;boc:#000;bor:0px,0px,0px,0px;bos:solid;oX:50;oY:50;sp:0;\"\n\t\t\t\t\t\t\t\tstyle=\"z-index:7;background-color:#ffcc00;font-family:Roboto;text-transform:uppercase;outline:none;box-shadow:none;box-sizing:border-box;-moz-box-sizing:border-box;-webkit-box-sizing:border-box;\"\n\t\t\t\t\t\t\t>Escr\u00edbenos \n\t\t\t\t\t\t\t<\/rs-layer><!--\n-->\t\t\t\t\t\t<\/rs-slide>\n\t\t\t\t\t<\/rs-slides>\n\t\t\t\t<\/rs-module>\n\t\t\t\t<script type=\"text\/javascript\">\n\t\t\t\t\tsetREVStartSize({c: 'rev_slider_1_1',rl:[1240,1024,778,480],el:[700,700,700,700],gw:[1920,1024,778,480],gh:[700,700,700,700],type:'standard',justify:'',layout:'fullwidth',mh:\"0\"});\n\t\t\t\t\tvar\trevapi1,\n\t\t\t\t\t\ttpj;\n\t\t\t\t\tfunction revinit_revslider11() {\n\t\t\t\t\tjQuery(function() {\n\t\t\t\t\t\ttpj = jQuery;\n\t\t\t\t\t\trevapi1 = tpj(\"#rev_slider_1_1\");\n\t\t\t\t\t\tif(revapi1==undefined || revapi1.revolution == undefined){\n\t\t\t\t\t\t\trevslider_showDoubleJqueryError(\"rev_slider_1_1\");\n\t\t\t\t\t\t}else{\n\t\t\t\t\t\t\trevapi1.revolution({\n\t\t\t\t\t\t\t\tsliderLayout:\"fullwidth\",\n\t\t\t\t\t\t\t\tvisibilityLevels:\"1240,1024,778,480\",\n\t\t\t\t\t\t\t\tgridwidth:\"1920,1024,778,480\",\n\t\t\t\t\t\t\t\tgridheight:\"700,700,700,700\",\n\t\t\t\t\t\t\t\tspinner:\"spinner0\",\n\t\t\t\t\t\t\t\tperspective:600,\n\t\t\t\t\t\t\t\tperspectiveType:\"local\",\n\t\t\t\t\t\t\t\teditorheight:\"700,700,700,700\",\n\t\t\t\t\t\t\t\tresponsiveLevels:\"1240,1024,778,480\",\n\t\t\t\t\t\t\t\tprogressBar:{disableProgressBar:true},\n\t\t\t\t\t\t\t\tnavigation: {\n\t\t\t\t\t\t\t\t\tonHoverStop:false\n\t\t\t\t\t\t\t\t},\n\t\t\t\t\t\t\t\tfallbacks: {\n\t\t\t\t\t\t\t\t\tallowHTML5AutoPlayOnAndroid:true\n\t\t\t\t\t\t\t\t},\n\t\t\t\t\t\t\t});\n\t\t\t\t\t\t}\n\t\t\t\t\t\t\n\t\t\t\t\t});\n\t\t\t\t\t} \/\/ End of RevInitScript\n\t\t\t\tvar once_revslider11 = false;\n\t\t\t\tif (document.readyState === \"loading\") {document.addEventListener('readystatechange',function() { if((document.readyState === \"interactive\" || document.readyState === \"complete\") && !once_revslider11 ) { once_revslider11 = true; revinit_revslider11();}});} else {once_revslider11 = true; revinit_revslider11();}\n\t\t\t\t<\/script>\n\t\t\t<\/rs-module-wrap>\n\t\t\t<!-- END REVOLUTION SLIDER -->\n[\/vc_column][\/vc_row][vc_row lg_spacing=&#8221;padding_top:100&#8243;][vc_column width=&#8221;2\/3&#8243;][tm_heading tag=&#8221;h5&#8243; custom_google_font=&#8221;&#8221; text=&#8221;QUI\u00c9NES SOMOS&#8221; font_size=&#8221;lg:40&#8243;][tm_spacer size=&#8221;lg:10&#8243;][vc_column_text]<\/p>\n<p class=\"p1\" align=\" justify\"><span class=\"s1\">Empresa chilena, dedicada a la prestaci\u00f3n de servicios de ingenier\u00eda, con un s\u00f3lido know-how en electricidad, sistemas fotovoltaicos, construcci\u00f3n civil, seguridad industrial y medio ambiente.<\/span><\/p>\n<p>[\/vc_column_text][tm_spacer size=&#8221;lg:30&#8243;][vc_column_text]<\/p>\n<p class=\"p1\" align=\" justify\"><span class=\"s1\">Contamos con especialistas en las distintas \u00e1reas de desarrollo, entrenados y certificados, con el compromiso de entregar un servicio integral y bajo los m\u00e1s altos est\u00e1ndares de calidad y seguridad laboral.<\/span><\/p>\n<p>[\/vc_column_text][tm_spacer size=&#8221;lg:30&#8243;][tm_button style=&#8221;border-text&#8221; icon_type=&#8221;ion&#8221; icon_ion=&#8221;ion-arrow-right-c&#8221; color=&#8221;secondary&#8221; button=&#8221;url:https%3A%2F%2Fsoliteck.cl%2Fweb%2Fcontactanos%2F|title:Contactanos&#8221;][tm_spacer size=&#8221;lg:30&#8243;][tm_image][\/vc_column][vc_column width=&#8221;1\/3&#8243;][tm_spacer size=&#8221;lg:30&#8243;][tm_spacer size=&#8221;lg:30&#8243;][tm_image image=&#8221;2966&#8243;][\/vc_column][\/vc_row][vc_row lg_spacing=&#8221;padding_top:80;padding_bottom:80&#8243;][vc_column width=&#8221;1\/4&#8243;][tm_image image=&#8221;113&#8243; lg_spacing=&#8221;margin_bottom:26&#8243;][tm_counter align=&#8221;left&#8221; number=&#8221;2000&#8243; text=&#8221;Capacity&#8221; sub_text=&#8221;Lorem ipsum dolor amet consectetur adipisicing elit, sed do eiusmod tempor&#8221;][\/vc_column][vc_column width=&#8221;1\/4&#8243;][tm_image image=&#8221;115&#8243; lg_spacing=&#8221;margin_bottom:26&#8243;][tm_counter align=&#8221;left&#8221; number=&#8221;3000&#8243; text=&#8221;Industry projects&#8221; sub_text=&#8221;Lorem ipsum dolor amet consectetur adipisicing elit, sed do eiusmod tempor&#8221;][\/vc_column][vc_column width=&#8221;1\/4&#8243;][tm_image image=&#8221;112&#8243; lg_spacing=&#8221;margin_bottom:26&#8243;][tm_counter align=&#8221;left&#8221; number=&#8221;543&#8243; text=&#8221;Energy saving&#8221; sub_text=&#8221;Lorem ipsum dolor amet consectetur adipisicing elit, sed do eiusmod tempor&#8221;][\/vc_column][vc_column width=&#8221;1\/4&#8243;][tm_image image=&#8221;114&#8243; lg_spacing=&#8221;margin_bottom:26&#8243;][tm_counter align=&#8221;left&#8221; number=&#8221;4600&#8243; text=&#8221;Efficiency&#8221; sub_text=&#8221;Lorem ipsum dolor amet consectetur adipisicing elit, sed do eiusmod tempor&#8221;][\/vc_column][\/vc_row][vc_row full_width=&#8221;stretch_row&#8221; content_placement=&#8221;middle&#8221; background_color=&#8221;primary&#8221; lg_spacing=&#8221;padding_top:55;padding_bottom:55&#8243;][vc_column width=&#8221;2\/3&#8243;][tm_heading custom_google_font=&#8221;&#8221; text=&#8221;\u00a1CU\u00c9NTANOS TU PROYECTO!&#8221; font_size=&#8221;lg:36&#8243; xs_spacing=&#8221;margin_bottom:20&#8243;][\/vc_column][vc_column width=&#8221;1\/3&#8243;][tm_button align=&#8221;right&#8221; xs_align=&#8221;left&#8221; color=&#8221;secondary&#8221; button=&#8221;url:https%3A%2F%2Fsoliteck.cl%2Fweb%2Fcontactanos%2F|title:Contactanos&#8221;][\/vc_column][\/vc_row][vc_row full_width=&#8221;stretch_row&#8221; lg_spacing=&#8221;border_top:1;padding_top:100;padding_bottom:20&#8243;][vc_column][tm_heading custom_google_font=&#8221;&#8221; align=&#8221;center&#8221; text=&#8221;Equipo Soliteck&#8221; font_size=&#8221;lg:40&#8243;][tm_spacer size=&#8221;lg:20&#8243;][tm_heading tag=&#8221;div&#8221; custom_google_font=&#8221;&#8221; align=&#8221;center&#8221; text=&#8221;Nuestro equipo de trabajo Soliteck, Energ\u00eda en Movimiento.&#8221; max_width=&#8221;630px&#8221;][tm_spacer size=&#8221;lg:27&#8243;][vc_row_inner][vc_column_inner width=&#8221;1\/2&#8243;][tm_team_member style=&#8221;2&#8243; social_networks=&#8221;%5B%7B%22icon_type%22%3A%22ion%22%2C%22icon_fontawesome%22%3A%22fa%20fa-adjust%22%2C%22icon_ion%22%3A%22ion-social-twitter%22%2C%22icon_themify%22%3A%22ti-arrow-up%22%2C%22icon_pe7stroke%22%3A%22pe-7s-album%22%2C%22icon_flat%22%3A%22flaticon-heartbeat%22%2C%22icon_tractor%22%3A%22tractor-chat%22%2C%22icon_icomoon%22%3A%22icomoon-alarm-clock%22%2C%22link%22%3A%22%23%22%7D%2C%7B%22icon_type%22%3A%22ion%22%2C%22icon_fontawesome%22%3A%22fa%20fa-adjust%22%2C%22icon_ion%22%3A%22ion-social-facebook%22%2C%22icon_themify%22%3A%22ti-arrow-up%22%2C%22icon_pe7stroke%22%3A%22pe-7s-album%22%2C%22icon_flat%22%3A%22flaticon-heartbeat%22%2C%22icon_tractor%22%3A%22tractor-chat%22%2C%22icon_icomoon%22%3A%22icomoon-alarm-clock%22%2C%22link%22%3A%22%23%22%7D%2C%7B%22icon_type%22%3A%22ion%22%2C%22icon_fontawesome%22%3A%22fa%20fa-adjust%22%2C%22icon_ion%22%3A%22ion-social-googleplus%22%2C%22icon_themify%22%3A%22ti-arrow-up%22%2C%22icon_pe7stroke%22%3A%22pe-7s-album%22%2C%22icon_flat%22%3A%22flaticon-heartbeat%22%2C%22icon_tractor%22%3A%22tractor-chat%22%2C%22icon_icomoon%22%3A%22icomoon-alarm-clock%22%2C%22link%22%3A%22%23%22%7D%2C%7B%22icon_type%22%3A%22ion%22%2C%22icon_fontawesome%22%3A%22fa%20fa-adjust%22%2C%22icon_ion%22%3A%22ion-social-linkedin%22%2C%22icon_themify%22%3A%22ti-arrow-up%22%2C%22icon_pe7stroke%22%3A%22pe-7s-album%22%2C%22icon_flat%22%3A%22flaticon-heartbeat%22%2C%22icon_tractor%22%3A%22tractor-chat%22%2C%22icon_icomoon%22%3A%22icomoon-alarm-clock%22%2C%22link%22%3A%22%23%22%7D%5D&#8221; photo=&#8221;176&#8243; name=&#8221;Pablo Juacida&#8221; position=&#8221;Director Ejecutivo&#8221; desc=&#8221;&nbsp;Email: pablo.juacida@soliteck.cl&#8221;][\/vc_column_inner][vc_column_inner width=&#8221;1\/2&#8243;][tm_team_member style=&#8221;2&#8243; social_networks=&#8221;%5B%7B%22icon_type%22%3A%22ion%22%2C%22icon_fontawesome%22%3A%22fa%20fa-adjust%22%2C%22icon_ion%22%3A%22ion-social-twitter%22%2C%22icon_themify%22%3A%22ti-arrow-up%22%2C%22icon_pe7stroke%22%3A%22pe-7s-album%22%2C%22icon_flat%22%3A%22flaticon-heartbeat%22%2C%22icon_tractor%22%3A%22tractor-chat%22%2C%22icon_icomoon%22%3A%22icomoon-alarm-clock%22%2C%22link%22%3A%22%23%22%7D%2C%7B%22icon_type%22%3A%22ion%22%2C%22icon_fontawesome%22%3A%22fa%20fa-adjust%22%2C%22icon_ion%22%3A%22ion-social-facebook%22%2C%22icon_themify%22%3A%22ti-arrow-up%22%2C%22icon_pe7stroke%22%3A%22pe-7s-album%22%2C%22icon_flat%22%3A%22flaticon-heartbeat%22%2C%22icon_tractor%22%3A%22tractor-chat%22%2C%22icon_icomoon%22%3A%22icomoon-alarm-clock%22%2C%22link%22%3A%22%23%22%7D%2C%7B%22icon_type%22%3A%22ion%22%2C%22icon_fontawesome%22%3A%22fa%20fa-adjust%22%2C%22icon_ion%22%3A%22ion-social-googleplus%22%2C%22icon_themify%22%3A%22ti-arrow-up%22%2C%22icon_pe7stroke%22%3A%22pe-7s-album%22%2C%22icon_flat%22%3A%22flaticon-heartbeat%22%2C%22icon_tractor%22%3A%22tractor-chat%22%2C%22icon_icomoon%22%3A%22icomoon-alarm-clock%22%2C%22link%22%3A%22%23%22%7D%2C%7B%22icon_type%22%3A%22ion%22%2C%22icon_fontawesome%22%3A%22fa%20fa-adjust%22%2C%22icon_ion%22%3A%22ion-social-linkedin%22%2C%22icon_themify%22%3A%22ti-arrow-up%22%2C%22icon_pe7stroke%22%3A%22pe-7s-album%22%2C%22icon_flat%22%3A%22flaticon-heartbeat%22%2C%22icon_tractor%22%3A%22tractor-chat%22%2C%22icon_icomoon%22%3A%22icomoon-alarm-clock%22%2C%22link%22%3A%22%23%22%7D%5D&#8221; photo=&#8221;176&#8243; name=&#8221;Carla Reyes&#8221; position=&#8221;Jefe Administrativo&#8221; desc=&#8221;&nbsp;Email: carla.reyes@soliteck.cl&#8221;][\/vc_column_inner][\/vc_row_inner][\/vc_column][\/vc_row]<\/p>\n","protected":false},"excerpt":{"rendered":"<p>[vc_row full_width=&#8221;stretch_row_content_no_spaces&#8221;][vc_column][\/vc_column][\/vc_row][vc_row lg_spacing=&#8221;padding_top:100&#8243;][vc_column width=&#8221;2\/3&#8243;][tm_heading tag=&#8221;h5&#8243; custom_google_font=&#8221;&#8221; text=&#8221;QUI\u00c9NES SOMOS&#8221; font_size=&#8221;lg:40&#8243;][tm_spacer size=&#8221;lg:10&#8243;][vc_column_text] Empresa chilena, dedicada a la prestaci\u00f3n de servicios de ingenier\u00eda, con un s\u00f3lido know-how en electricidad, sistemas fotovoltaicos, construcci\u00f3n civil, seguridad industrial y medio ambiente. [\/vc_column_text][tm_spacer size=&#8221;lg:30&#8243;][vc_column_text] Contamos con especialistas en las distintas \u00e1reas de desarrollo, entrenados y certificados, con el compromiso de entregar un servicio integral y bajo los m\u00e1s altos est\u00e1ndares de calidad y seguridad laboral. [\/vc_column_text][tm_spacer size=&#8221;lg:30&#8243;][tm_button style=&#8221;border-text&#8221; icon_type=&#8221;ion&#8221; icon_ion=&#8221;ion-arrow-right-c&#8221; color=&#8221;secondary&#8221; button=&#8221;url:https%3A%2F%2Fsoliteck.cl%2Fweb%2Fcontactanos%2F|title:Contactanos&#8221;][tm_spacer size=&#8221;lg:30&#8243;][tm_image][\/vc_column][vc_column width=&#8221;1\/3&#8243;][tm_spacer size=&#8221;lg:30&#8243;][tm_spacer size=&#8221;lg:30&#8243;][tm_image image=&#8221;2966&#8243;][\/vc_column][\/vc_row][vc_row lg_spacing=&#8221;padding_top:80;padding_bottom:80&#8243;][vc_column width=&#8221;1\/4&#8243;][tm_image image=&#8221;113&#8243; lg_spacing=&#8221;margin_bottom:26&#8243;][tm_counter align=&#8221;left&#8221; number=&#8221;2000&#8243; text=&#8221;Capacity&#8221; sub_text=&#8221;Lorem ipsum dolor amet consectetur adipisicing elit, sed do eiusmod tempor&#8221;][\/vc_column][vc_column width=&#8221;1\/4&#8243;][tm_image image=&#8221;115&#8243; lg_spacing=&#8221;margin_bottom:26&#8243;][tm_counter align=&#8221;left&#8221; number=&#8221;3000&#8243; text=&#8221;Industry projects&#8221; sub_text=&#8221;Lorem ipsum dolor amet consectetur adipisicing elit, sed do eiusmod tempor&#8221;][\/vc_column][vc_column width=&#8221;1\/4&#8243;][tm_image image=&#8221;112&#8243; lg_spacing=&#8221;margin_bottom:26&#8243;][tm_counter align=&#8221;left&#8221; number=&#8221;543&#8243; text=&#8221;Energy saving&#8221; sub_text=&#8221;Lorem ipsum dolor amet consectetur adipisicing elit, sed do eiusmod tempor&#8221;][\/vc_column][vc_column width=&#8221;1\/4&#8243;][tm_image image=&#8221;114&#8243; lg_spacing=&#8221;margin_bottom:26&#8243;][tm_counter align=&#8221;left&#8221; number=&#8221;4600&#8243; text=&#8221;Efficiency&#8221; sub_text=&#8221;Lorem ipsum dolor amet consectetur adipisicing elit, sed do eiusmod tempor&#8221;][\/vc_column][\/vc_row][vc_row full_width=&#8221;stretch_row&#8221; content_placement=&#8221;middle&#8221; background_color=&#8221;primary&#8221; lg_spacing=&#8221;padding_top:55;padding_bottom:55&#8243;][vc_column width=&#8221;2\/3&#8243;][tm_heading custom_google_font=&#8221;&#8221; text=&#8221;\u00a1CU\u00c9NTANOS TU PROYECTO!&#8221; font_size=&#8221;lg:36&#8243; xs_spacing=&#8221;margin_bottom:20&#8243;][\/vc_column][vc_column width=&#8221;1\/3&#8243;][tm_button align=&#8221;right&#8221; xs_align=&#8221;left&#8221; color=&#8221;secondary&#8221; button=&#8221;url:https%3A%2F%2Fsoliteck.cl%2Fweb%2Fcontactanos%2F|title:Contactanos&#8221;][\/vc_column][\/vc_row][vc_row full_width=&#8221;stretch_row&#8221; lg_spacing=&#8221;border_top:1;padding_top:100;padding_bottom:20&#8243;][vc_column][tm_heading custom_google_font=&#8221;&#8221; align=&#8221;center&#8221; text=&#8221;Equipo Soliteck&#8221; font_size=&#8221;lg:40&#8243;][tm_spacer size=&#8221;lg:20&#8243;][tm_heading tag=&#8221;div&#8221; custom_google_font=&#8221;&#8221; align=&#8221;center&#8221; text=&#8221;Nuestro equipo de trabajo Soliteck, Energ\u00eda en Movimiento.&#8221; max_width=&#8221;630px&#8221;][tm_spacer size=&#8221;lg:27&#8243;][vc_row_inner][vc_column_inner width=&#8221;1\/2&#8243;][tm_team_member style=&#8221;2&#8243; social_networks=&#8221;%5B%7B%22icon_type%22%3A%22ion%22%2C%22icon_fontawesome%22%3A%22fa%20fa-adjust%22%2C%22icon_ion%22%3A%22ion-social-twitter%22%2C%22icon_themify%22%3A%22ti-arrow-up%22%2C%22icon_pe7stroke%22%3A%22pe-7s-album%22%2C%22icon_flat%22%3A%22flaticon-heartbeat%22%2C%22icon_tractor%22%3A%22tractor-chat%22%2C%22icon_icomoon%22%3A%22icomoon-alarm-clock%22%2C%22link%22%3A%22%23%22%7D%2C%7B%22icon_type%22%3A%22ion%22%2C%22icon_fontawesome%22%3A%22fa%20fa-adjust%22%2C%22icon_ion%22%3A%22ion-social-facebook%22%2C%22icon_themify%22%3A%22ti-arrow-up%22%2C%22icon_pe7stroke%22%3A%22pe-7s-album%22%2C%22icon_flat%22%3A%22flaticon-heartbeat%22%2C%22icon_tractor%22%3A%22tractor-chat%22%2C%22icon_icomoon%22%3A%22icomoon-alarm-clock%22%2C%22link%22%3A%22%23%22%7D%2C%7B%22icon_type%22%3A%22ion%22%2C%22icon_fontawesome%22%3A%22fa%20fa-adjust%22%2C%22icon_ion%22%3A%22ion-social-googleplus%22%2C%22icon_themify%22%3A%22ti-arrow-up%22%2C%22icon_pe7stroke%22%3A%22pe-7s-album%22%2C%22icon_flat%22%3A%22flaticon-heartbeat%22%2C%22icon_tractor%22%3A%22tractor-chat%22%2C%22icon_icomoon%22%3A%22icomoon-alarm-clock%22%2C%22link%22%3A%22%23%22%7D%2C%7B%22icon_type%22%3A%22ion%22%2C%22icon_fontawesome%22%3A%22fa%20fa-adjust%22%2C%22icon_ion%22%3A%22ion-social-linkedin%22%2C%22icon_themify%22%3A%22ti-arrow-up%22%2C%22icon_pe7stroke%22%3A%22pe-7s-album%22%2C%22icon_flat%22%3A%22flaticon-heartbeat%22%2C%22icon_tractor%22%3A%22tractor-chat%22%2C%22icon_icomoon%22%3A%22icomoon-alarm-clock%22%2C%22link%22%3A%22%23%22%7D%5D&#8221; photo=&#8221;176&#8243; name=&#8221;Pablo Juacida&#8221; position=&#8221;Director Ejecutivo&#8221; desc=&#8221;&nbsp;Email: pablo.juacida@soliteck.cl&#8221;][\/vc_column_inner][vc_column_inner width=&#8221;1\/2&#8243;][tm_team_member style=&#8221;2&#8243; social_networks=&#8221;%5B%7B%22icon_type%22%3A%22ion%22%2C%22icon_fontawesome%22%3A%22fa%20fa-adjust%22%2C%22icon_ion%22%3A%22ion-social-twitter%22%2C%22icon_themify%22%3A%22ti-arrow-up%22%2C%22icon_pe7stroke%22%3A%22pe-7s-album%22%2C%22icon_flat%22%3A%22flaticon-heartbeat%22%2C%22icon_tractor%22%3A%22tractor-chat%22%2C%22icon_icomoon%22%3A%22icomoon-alarm-clock%22%2C%22link%22%3A%22%23%22%7D%2C%7B%22icon_type%22%3A%22ion%22%2C%22icon_fontawesome%22%3A%22fa%20fa-adjust%22%2C%22icon_ion%22%3A%22ion-social-facebook%22%2C%22icon_themify%22%3A%22ti-arrow-up%22%2C%22icon_pe7stroke%22%3A%22pe-7s-album%22%2C%22icon_flat%22%3A%22flaticon-heartbeat%22%2C%22icon_tractor%22%3A%22tractor-chat%22%2C%22icon_icomoon%22%3A%22icomoon-alarm-clock%22%2C%22link%22%3A%22%23%22%7D%2C%7B%22icon_type%22%3A%22ion%22%2C%22icon_fontawesome%22%3A%22fa%20fa-adjust%22%2C%22icon_ion%22%3A%22ion-social-googleplus%22%2C%22icon_themify%22%3A%22ti-arrow-up%22%2C%22icon_pe7stroke%22%3A%22pe-7s-album%22%2C%22icon_flat%22%3A%22flaticon-heartbeat%22%2C%22icon_tractor%22%3A%22tractor-chat%22%2C%22icon_icomoon%22%3A%22icomoon-alarm-clock%22%2C%22link%22%3A%22%23%22%7D%2C%7B%22icon_type%22%3A%22ion%22%2C%22icon_fontawesome%22%3A%22fa%20fa-adjust%22%2C%22icon_ion%22%3A%22ion-social-linkedin%22%2C%22icon_themify%22%3A%22ti-arrow-up%22%2C%22icon_pe7stroke%22%3A%22pe-7s-album%22%2C%22icon_flat%22%3A%22flaticon-heartbeat%22%2C%22icon_tractor%22%3A%22tractor-chat%22%2C%22icon_icomoon%22%3A%22icomoon-alarm-clock%22%2C%22link%22%3A%22%23%22%7D%5D&#8221; photo=&#8221;176&#8243; name=&#8221;Carla Reyes&#8221; position=&#8221;Jefe Administrativo&#8221; desc=&#8221;&nbsp;Email: carla.reyes@soliteck.cl&#8221;][\/vc_column_inner][\/vc_row_inner][\/vc_column][\/vc_row]<\/p>\n","protected":false},"author":1,"featured_media":0,"parent":0,"menu_order":0,"comment_status":"closed","ping_status":"closed","template":"","meta":{"_joinchat":[]},"_links":{"self":[{"href":"https:\/\/soliteck.cl\/web\/wp-json\/wp\/v2\/pages\/273"}],"collection":[{"href":"https:\/\/soliteck.cl\/web\/wp-json\/wp\/v2\/pages"}],"about":[{"href":"https:\/\/soliteck.cl\/web\/wp-json\/wp\/v2\/types\/page"}],"author":[{"embeddable":true,"href":"https:\/\/soliteck.cl\/web\/wp-json\/wp\/v2\/users\/1"}],"replies":[{"embeddable":true,"href":"https:\/\/soliteck.cl\/web\/wp-json\/wp\/v2\/comments?post=273"}],"version-history":[{"count":30,"href":"https:\/\/soliteck.cl\/web\/wp-json\/wp\/v2\/pages\/273\/revisions"}],"predecessor-version":[{"id":3200,"href":"https:\/\/soliteck.cl\/web\/wp-json\/wp\/v2\/pages\/273\/revisions\/3200"}],"wp:attachment":[{"href":"https:\/\/soliteck.cl\/web\/wp-json\/wp\/v2\/media?parent=273"}],"curies":[{"name":"wp","href":"https:\/\/api.w.org\/{rel}","templated":true}]}}