{"id":2655,"date":"2018-08-23T07:33:44","date_gmt":"2018-08-23T07:33:44","guid":{"rendered":"https:\/\/soliteck.cl\/web\/sustainability\/"},"modified":"2020-09-23T21:22:27","modified_gmt":"2020-09-24T00:22:27","slug":"nuestros-servicios","status":"publish","type":"page","link":"https:\/\/soliteck.cl\/web\/nuestros-servicios\/","title":{"rendered":"Servicios"},"content":{"rendered":"<p>[vc_row lg_spacing=&#8221;padding_top:100;padding_bottom:40&#8243;][vc_column][tm_heading tag=&#8221;div&#8221; custom_google_font=&#8221;&#8221; font_weight=&#8221;700&#8243; align=&#8221;center&#8221; text_color=&#8221;secondary&#8221; text=&#8221;QU\u00c9 OFRECEMOS&#8221; font_size=&#8221;lg:40&#8243; css=&#8221;.vc_custom_1600819900339{margin-bottom: 30px !important;}&#8221;][tm_heading tag=&#8221;div&#8221; custom_google_font=&#8221;&#8221; align=&#8221;center&#8221; text=&#8221;dedicados a la prestaci\u00f3n de servicios de ingenier\u00eda, con un s\u00f3lido know-how en electricidad.&#8221; max_width=&#8221;680px&#8221; font_size=&#8221;lg:18&#8243; line_height=&#8221;28px&#8221;][tm_spacer size=&#8221;lg:80&#8243;][vc_row_inner][vc_column_inner width=&#8221;1\/3&#8243; lg_spacing=&#8221;margin_bottom:60;padding_top:0;padding_right:30;padding_left:30&#8243;][tm_circle_progress_chart style=&#8221;02&#8243; number=&#8221;100&#8243; size=&#8221;180&#8243; icon_type=&#8221;fontawesome&#8221; icon_fontawesome=&#8221;fab fa-houzz&#8221; line_width=&#8221;5&#8243; title=&#8221;Construcci\u00f3n y Obras Civiles.&#8221; subtitle=&#8221;Terminaci\u00f3n y acabados de Edificios.&#8221;][\/vc_column_inner][vc_column_inner width=&#8221;1\/3&#8243; lg_spacing=&#8221;margin_bottom:60;padding_top:0;padding_right:30;padding_left:30&#8243;][tm_circle_progress_chart style=&#8221;02&#8243; number=&#8221;100&#8243; size=&#8221;180&#8243; icon_type=&#8221;fontawesome&#8221; icon_fontawesome=&#8221;fas fa-tv&#8221; line_width=&#8221;5&#8243; title=&#8221;Montaje, Mantenci\u00f3n y Certificaci\u00f3n&#8221; subtitle=&#8221;Certificaci\u00f3n SEC De Sistemas Fotovoltaicos (ON- OFF\/GRID)&#8221;][\/vc_column_inner][vc_column_inner width=&#8221;1\/3&#8243; lg_spacing=&#8221;margin_bottom:60;padding_top:0;padding_right:30;padding_left:30&#8243;][tm_circle_progress_chart style=&#8221;02&#8243; number=&#8221;100&#8243; size=&#8221;180&#8243; icon_type=&#8221;fontawesome&#8221; icon_fontawesome=&#8221;fas fa-feather-alt&#8221; line_width=&#8221;5&#8243; title=&#8221;Asesor\u00edas&#8221; subtitle=&#8221;En Prevenci\u00f3n de Riesgos y Medio Ambiente&#8221;][\/vc_column_inner][\/vc_row_inner][\/vc_column][\/vc_row][vc_row full_width=&#8221;stretch_row_content_no_spaces&#8221; content_placement=&#8221;middle&#8221; custom_border_color=&#8221;#212121&#8243;][vc_column width=&#8221;1\/2&#8243; background_image=&#8221;2672&#8243; background_position=&#8221;center&#8221; lg_spacing=&#8221;padding_top:150;padding_right:150;padding_bottom:150;padding_left:150&#8243; md_spacing=&#8221;padding_top:100;padding_right:100;padding_bottom:100;padding_left:100&#8243; sm_spacing=&#8221;padding_top:60;padding_right:60;padding_bottom:60;padding_left:60&#8243; xs_spacing=&#8221;padding_top:60;padding_right:30;padding_bottom:60;padding_left:30&#8243;][tm_image align=&#8221;center&#8221; image=&#8221;2686&#8243; box_shadow=&#8221;0 30px 50px rgba( 0, 0, 0, .5 )&#8221; rounded=&#8221;100&#8243;][\/vc_column][vc_column width=&#8221;1\/2&#8243; custom_border_color=&#8221;#000000&#8243; background_color=&#8221;custom&#8221; lg_spacing=&#8221;padding_top:150;padding_right:150;padding_bottom:150;padding_left:150&#8243; custom_background_color=&#8221;#f7f7f7&#8243; md_spacing=&#8221;padding_top:100;padding_right:100;padding_bottom:100;padding_left:100&#8243; sm_spacing=&#8221;padding_top:60;padding_right:60;padding_bottom:60;padding_left:60&#8243; xs_spacing=&#8221;padding_top:60;padding_right:30;padding_bottom:60;padding_left:30&#8243;][tm_image image=&#8221;2966&#8243;][tm_spacer size=&#8221;lg:20&#8243;][tm_heading tag=&#8221;div&#8221; custom_google_font=&#8221;&#8221; text=&#8221;- Obras de Ingenier\u00eda<br \/>\n&#8211; Construcci\u00f3n de Otras<br \/>\n&#8211; Obras de Ingenier\u00eda Civil<br \/>\n&#8211; Instalaciones El\u00e9ctricas<br \/>\n&#8211; Instalaciones de Gasfiter\u00eda.&#8221; max_width=&#8221;500px&#8221;][\/vc_column][\/vc_row][vc_row full_width=&#8221;stretch_row_content_no_spaces&#8221; content_placement=&#8221;middle&#8221;][vc_column width=&#8221;1\/2&#8243; background_color=&#8221;custom&#8221; lg_spacing=&#8221;padding_top:150;padding_right:150;padding_bottom:150;padding_left:150&#8243; custom_background_color=&#8221;#f7f7f7&#8243; md_spacing=&#8221;padding_top:100;padding_right:100;padding_bottom:100;padding_left:100&#8243; sm_spacing=&#8221;padding_top:60;padding_right:60;padding_bottom:60;padding_left:60&#8243; xs_spacing=&#8221;padding_top:60;padding_right:30;padding_bottom:60;padding_left:30&#8243; order=&#8221;xs:2;sm:1;md:1;lg:1&#8243;][tm_image image=&#8221;3178&#8243;][tm_spacer size=&#8221;lg:20&#8243;][tm_heading tag=&#8221;div&#8221; custom_google_font=&#8221;&#8221; text=&#8221;-\tIngenier\u00eda conceptual \/ terreno.<br \/>\n&#8211;\tConstrucci\u00f3n y Obras Civiles.<br \/>\n&#8211;\tMantenimiento Industrial.<br \/>\n&#8211;\tImplementaci\u00f3n de Sistemas de Gesti\u00f3n (ISO\/OHSAS)<br \/>\n&#8211;\tAsesor\u00edas en Prevenci\u00f3n de Riesgos y Medio Ambiente.&#8221; max_width=&#8221;500px&#8221;][\/vc_column][vc_column width=&#8221;1\/2&#8243; lg_spacing=&#8221;padding_top:150;padding_right:150;padding_bottom:150;padding_left:150&#8243; background_image=&#8221;2673&#8243; background_position=&#8221;center&#8221; md_spacing=&#8221;padding_top:100;padding_right:100;padding_bottom:100;padding_left:100&#8243; sm_spacing=&#8221;padding_top:60;padding_right:60;padding_bottom:60;padding_left:60&#8243; xs_spacing=&#8221;padding_top:60;padding_right:30;padding_bottom:60;padding_left:30&#8243; order=&#8221;xs:1;sm:2;md:2;lg:2&#8243;][tm_image align=&#8221;center&#8221; image=&#8221;2687&#8243; box_shadow=&#8221;0 30px 50px rgba( 0, 0, 0, .5 )&#8221; rounded=&#8221;100&#8243;][\/vc_column][\/vc_row][vc_row full_width=&#8221;stretch_row_content_no_spaces&#8221; content_placement=&#8221;middle&#8221;][vc_column width=&#8221;1\/2&#8243; background_image=&#8221;2674&#8243; background_position=&#8221;center&#8221; lg_spacing=&#8221;padding_top:150;padding_right:150;padding_bottom:150;padding_left:150&#8243; md_spacing=&#8221;padding_top:100;padding_right:100;padding_bottom:100;padding_left:100&#8243; sm_spacing=&#8221;padding_top:60;padding_right:60;padding_bottom:60;padding_left:60&#8243; xs_spacing=&#8221;padding_top:60;padding_right:30;padding_bottom:60;padding_left:30&#8243;][tm_image align=&#8221;center&#8221; image=&#8221;2688&#8243; box_shadow=&#8221;0 30px 50px rgba( 0, 0, 0, .5 )&#8221; rounded=&#8221;100&#8243;][\/vc_column][vc_column width=&#8221;1\/2&#8243; background_color=&#8221;secondary&#8221; lg_spacing=&#8221;padding_top:150;padding_right:150;padding_bottom:150;padding_left:150&#8243; md_spacing=&#8221;padding_top:100;padding_right:100;padding_bottom:100;padding_left:100&#8243; sm_spacing=&#8221;padding_top:60;padding_right:60;padding_bottom:60;padding_left:60&#8243; xs_spacing=&#8221;padding_top:60;padding_right:30;padding_bottom:60;padding_left:30&#8243;][tm_image image=&#8221;3106&#8243;][tm_spacer size=&#8221;lg:20&#8243;][tm_heading tag=&#8221;div&#8221; custom_google_font=&#8221;&#8221; text_color=&#8221;custom&#8221; custom_text_color=&#8221;#888888&#8243; text=&#8221;-\tEPC de sistemas el\u00e9ctricos Industrial, Educacional, Comercial y Domiciliario.<br \/>\n&#8211;\tEPC en Redes de Distribuci\u00f3n en Baja y Media Tensi\u00f3n.<br \/>\n&#8211;\tMontaje, Mantenci\u00f3n y Certificaci\u00f3n SEC de e Sistemas Fotovoltaicos (ON- OFF\/GRID).<br \/>\n&#8211;\tCertificaci\u00f3n SEC.&#8221; max_width=&#8221;600px&#8221;][\/vc_column][\/vc_row][vc_row full_width=&#8221;stretch_row&#8221; background_size=&#8221;auto&#8221; background_image=&#8221;1544&#8243; lg_spacing=&#8221;padding_top:160;padding_bottom:40&#8243; background_position=&#8221;center center&#8221;][vc_column][tm_heading tag=&#8221;div&#8221; custom_google_font=&#8221;&#8221; font_weight=&#8221;700&#8243; align=&#8221;center&#8221; text=&#8221;SOLUCIONES SOLITECK&#8221; font_size=&#8221;lg:15&#8243; letter_spacing=&#8221;2px&#8221; line_height=&#8221;1&#8243;][tm_heading tag=&#8221;div&#8221; custom_google_font=&#8221;&#8221; font_weight=&#8221;700&#8243; align=&#8221;center&#8221; text_color=&#8221;secondary&#8221; text=&#8221;Clientes que confian en nuestros <mark>servicios  <\/mark><br \/>\nEnerg\u00eda en movimiento.&#8221; font_size=&#8221;lg:46&#8243; line_height=&#8221;60px&#8221; css=&#8221;.vc_custom_1600902425756{padding-top: 40px !important;padding-bottom: 40px !important;}&#8221;][tm_button align=&#8221;center&#8221; button=&#8221;url:%23|title:Contactanos&#8221;][\/vc_column][\/vc_row][vc_row][vc_column][tm_spacer size=&#8221;lg:130&#8243;][tm_client auto_play=&#8221;5000&#8243; gutter=&#8221;30&#8243; items_display=&#8221;xs:2;sm:3;md:4;lg:5&#8243; items=&#8221;%5B%7B%22image%22%3A%223207%22%2C%22image_hover%22%3A%223207%22%2C%22link%22%3A%22Link%22%7D%2C%7B%22image%22%3A%223208%22%2C%22image_hover%22%3A%223208%22%2C%22link%22%3A%22Link%22%7D%2C%7B%22image%22%3A%223209%22%2C%22image_hover%22%3A%223209%22%2C%22link%22%3A%22Link%22%7D%2C%7B%22image%22%3A%223211%22%2C%22image_hover%22%3A%223211%22%2C%22link%22%3A%22Link%22%7D%2C%7B%22image%22%3A%223213%22%2C%22image_hover%22%3A%223213%22%2C%22link%22%3A%22Link%22%7D%2C%7B%22image%22%3A%223214%22%2C%22image_hover%22%3A%223214%22%2C%22link%22%3A%22Link%22%7D%2C%7B%22image%22%3A%223215%22%2C%22image_hover%22%3A%223215%22%2C%22link%22%3A%22Link%22%7D%5D&#8221;][tm_spacer size=&#8221;lg:130&#8243;][\/vc_column][\/vc_row]<\/p>\n","protected":false},"excerpt":{"rendered":"<p>[vc_row lg_spacing=&#8221;padding_top:100;padding_bottom:40&#8243;][vc_column][tm_heading tag=&#8221;div&#8221; custom_google_font=&#8221;&#8221; font_weight=&#8221;700&#8243; align=&#8221;center&#8221; text_color=&#8221;secondary&#8221; text=&#8221;QU\u00c9 OFRECEMOS&#8221; font_size=&#8221;lg:40&#8243; css=&#8221;.vc_custom_1600819900339{margin-bottom: 30px !important;}&#8221;][tm_heading tag=&#8221;div&#8221; custom_google_font=&#8221;&#8221; align=&#8221;center&#8221; text=&#8221;dedicados a la prestaci\u00f3n de servicios de ingenier\u00eda, con un s\u00f3lido know-how en electricidad.&#8221; max_width=&#8221;680px&#8221; font_size=&#8221;lg:18&#8243; line_height=&#8221;28px&#8221;][tm_spacer size=&#8221;lg:80&#8243;][vc_row_inner][vc_column_inner width=&#8221;1\/3&#8243; lg_spacing=&#8221;margin_bottom:60;padding_top:0;padding_right:30;padding_left:30&#8243;][tm_circle_progress_chart style=&#8221;02&#8243; number=&#8221;100&#8243; size=&#8221;180&#8243; icon_type=&#8221;fontawesome&#8221; icon_fontawesome=&#8221;fab fa-houzz&#8221; line_width=&#8221;5&#8243; title=&#8221;Construcci\u00f3n y Obras Civiles.&#8221; subtitle=&#8221;Terminaci\u00f3n y acabados de Edificios.&#8221;][\/vc_column_inner][vc_column_inner width=&#8221;1\/3&#8243; lg_spacing=&#8221;margin_bottom:60;padding_top:0;padding_right:30;padding_left:30&#8243;][tm_circle_progress_chart style=&#8221;02&#8243; number=&#8221;100&#8243; size=&#8221;180&#8243; icon_type=&#8221;fontawesome&#8221; icon_fontawesome=&#8221;fas fa-tv&#8221; line_width=&#8221;5&#8243; title=&#8221;Montaje, Mantenci\u00f3n y Certificaci\u00f3n&#8221; subtitle=&#8221;Certificaci\u00f3n SEC De Sistemas Fotovoltaicos (ON- OFF\/GRID)&#8221;][\/vc_column_inner][vc_column_inner width=&#8221;1\/3&#8243; lg_spacing=&#8221;margin_bottom:60;padding_top:0;padding_right:30;padding_left:30&#8243;][tm_circle_progress_chart style=&#8221;02&#8243; number=&#8221;100&#8243; size=&#8221;180&#8243; icon_type=&#8221;fontawesome&#8221; icon_fontawesome=&#8221;fas fa-feather-alt&#8221; line_width=&#8221;5&#8243; title=&#8221;Asesor\u00edas&#8221; subtitle=&#8221;En Prevenci\u00f3n de Riesgos y Medio Ambiente&#8221;][\/vc_column_inner][\/vc_row_inner][\/vc_column][\/vc_row][vc_row full_width=&#8221;stretch_row_content_no_spaces&#8221; content_placement=&#8221;middle&#8221; custom_border_color=&#8221;#212121&#8243;][vc_column width=&#8221;1\/2&#8243; background_image=&#8221;2672&#8243; background_position=&#8221;center&#8221; lg_spacing=&#8221;padding_top:150;padding_right:150;padding_bottom:150;padding_left:150&#8243; md_spacing=&#8221;padding_top:100;padding_right:100;padding_bottom:100;padding_left:100&#8243; sm_spacing=&#8221;padding_top:60;padding_right:60;padding_bottom:60;padding_left:60&#8243; xs_spacing=&#8221;padding_top:60;padding_right:30;padding_bottom:60;padding_left:30&#8243;][tm_image align=&#8221;center&#8221; image=&#8221;2686&#8243; box_shadow=&#8221;0 30px 50px rgba( 0, 0, 0, .5 )&#8221; rounded=&#8221;100&#8243;][\/vc_column][vc_column width=&#8221;1\/2&#8243; custom_border_color=&#8221;#000000&#8243; background_color=&#8221;custom&#8221; lg_spacing=&#8221;padding_top:150;padding_right:150;padding_bottom:150;padding_left:150&#8243; custom_background_color=&#8221;#f7f7f7&#8243; md_spacing=&#8221;padding_top:100;padding_right:100;padding_bottom:100;padding_left:100&#8243; sm_spacing=&#8221;padding_top:60;padding_right:60;padding_bottom:60;padding_left:60&#8243; xs_spacing=&#8221;padding_top:60;padding_right:30;padding_bottom:60;padding_left:30&#8243;][tm_image image=&#8221;2966&#8243;][tm_spacer size=&#8221;lg:20&#8243;][tm_heading tag=&#8221;div&#8221; custom_google_font=&#8221;&#8221; text=&#8221;- Obras de Ingenier\u00eda &#8211; Construcci\u00f3n de Otras &#8211; Obras de Ingenier\u00eda Civil &#8211; Instalaciones El\u00e9ctricas &#8211; Instalaciones de Gasfiter\u00eda.&#8221; max_width=&#8221;500px&#8221;][\/vc_column][\/vc_row][vc_row full_width=&#8221;stretch_row_content_no_spaces&#8221; content_placement=&#8221;middle&#8221;][vc_column width=&#8221;1\/2&#8243; background_color=&#8221;custom&#8221; lg_spacing=&#8221;padding_top:150;padding_right:150;padding_bottom:150;padding_left:150&#8243; custom_background_color=&#8221;#f7f7f7&#8243; md_spacing=&#8221;padding_top:100;padding_right:100;padding_bottom:100;padding_left:100&#8243; sm_spacing=&#8221;padding_top:60;padding_right:60;padding_bottom:60;padding_left:60&#8243; xs_spacing=&#8221;padding_top:60;padding_right:30;padding_bottom:60;padding_left:30&#8243; order=&#8221;xs:2;sm:1;md:1;lg:1&#8243;][tm_image image=&#8221;3178&#8243;][tm_spacer size=&#8221;lg:20&#8243;][tm_heading tag=&#8221;div&#8221; custom_google_font=&#8221;&#8221; text=&#8221;- Ingenier\u00eda conceptual \/ terreno. &#8211; Construcci\u00f3n y Obras Civiles. &#8211; Mantenimiento Industrial. &#8211; Implementaci\u00f3n de Sistemas de Gesti\u00f3n (ISO\/OHSAS) &#8211; Asesor\u00edas en Prevenci\u00f3n de Riesgos y Medio Ambiente.&#8221; max_width=&#8221;500px&#8221;][\/vc_column][vc_column width=&#8221;1\/2&#8243; lg_spacing=&#8221;padding_top:150;padding_right:150;padding_bottom:150;padding_left:150&#8243; background_image=&#8221;2673&#8243; background_position=&#8221;center&#8221; md_spacing=&#8221;padding_top:100;padding_right:100;padding_bottom:100;padding_left:100&#8243; sm_spacing=&#8221;padding_top:60;padding_right:60;padding_bottom:60;padding_left:60&#8243; xs_spacing=&#8221;padding_top:60;padding_right:30;padding_bottom:60;padding_left:30&#8243; order=&#8221;xs:1;sm:2;md:2;lg:2&#8243;][tm_image align=&#8221;center&#8221; image=&#8221;2687&#8243; box_shadow=&#8221;0 30px 50px rgba( 0, 0, 0, .5 )&#8221; rounded=&#8221;100&#8243;][\/vc_column][\/vc_row][vc_row full_width=&#8221;stretch_row_content_no_spaces&#8221; content_placement=&#8221;middle&#8221;][vc_column width=&#8221;1\/2&#8243; background_image=&#8221;2674&#8243; background_position=&#8221;center&#8221; lg_spacing=&#8221;padding_top:150;padding_right:150;padding_bottom:150;padding_left:150&#8243; md_spacing=&#8221;padding_top:100;padding_right:100;padding_bottom:100;padding_left:100&#8243; sm_spacing=&#8221;padding_top:60;padding_right:60;padding_bottom:60;padding_left:60&#8243; xs_spacing=&#8221;padding_top:60;padding_right:30;padding_bottom:60;padding_left:30&#8243;][tm_image align=&#8221;center&#8221; image=&#8221;2688&#8243; box_shadow=&#8221;0 30px 50px rgba( 0, 0, 0, .5 )&#8221; rounded=&#8221;100&#8243;][\/vc_column][vc_column width=&#8221;1\/2&#8243; background_color=&#8221;secondary&#8221; lg_spacing=&#8221;padding_top:150;padding_right:150;padding_bottom:150;padding_left:150&#8243; md_spacing=&#8221;padding_top:100;padding_right:100;padding_bottom:100;padding_left:100&#8243; sm_spacing=&#8221;padding_top:60;padding_right:60;padding_bottom:60;padding_left:60&#8243; xs_spacing=&#8221;padding_top:60;padding_right:30;padding_bottom:60;padding_left:30&#8243;][tm_image image=&#8221;3106&#8243;][tm_spacer size=&#8221;lg:20&#8243;][tm_heading tag=&#8221;div&#8221; custom_google_font=&#8221;&#8221; text_color=&#8221;custom&#8221; custom_text_color=&#8221;#888888&#8243; text=&#8221;- EPC de sistemas el\u00e9ctricos Industrial, Educacional, Comercial y Domiciliario. &#8211; EPC en Redes de Distribuci\u00f3n en Baja y Media Tensi\u00f3n. &#8211; Montaje, Mantenci\u00f3n y Certificaci\u00f3n SEC de e Sistemas Fotovoltaicos (ON- OFF\/GRID). &#8211; Certificaci\u00f3n SEC.&#8221; max_width=&#8221;600px&#8221;][\/vc_column][\/vc_row][vc_row full_width=&#8221;stretch_row&#8221; background_size=&#8221;auto&#8221; background_image=&#8221;1544&#8243; lg_spacing=&#8221;padding_top:160;padding_bottom:40&#8243; background_position=&#8221;center center&#8221;][vc_column][tm_heading tag=&#8221;div&#8221; custom_google_font=&#8221;&#8221; font_weight=&#8221;700&#8243; align=&#8221;center&#8221; text=&#8221;SOLUCIONES SOLITECK&#8221; font_size=&#8221;lg:15&#8243; letter_spacing=&#8221;2px&#8221; line_height=&#8221;1&#8243;][tm_heading tag=&#8221;div&#8221; custom_google_font=&#8221;&#8221; font_weight=&#8221;700&#8243; align=&#8221;center&#8221; text_color=&#8221;secondary&#8221; text=&#8221;Clientes que confian en nuestros servicios Energ\u00eda en movimiento.&#8221; font_size=&#8221;lg:46&#8243; line_height=&#8221;60px&#8221; css=&#8221;.vc_custom_1600902425756{padding-top: 40px !important;padding-bottom: 40px !important;}&#8221;][tm_button align=&#8221;center&#8221; button=&#8221;url:%23|title:Contactanos&#8221;][\/vc_column][\/vc_row][vc_row][vc_column][tm_spacer size=&#8221;lg:130&#8243;][tm_client auto_play=&#8221;5000&#8243; gutter=&#8221;30&#8243; items_display=&#8221;xs:2;sm:3;md:4;lg:5&#8243; items=&#8221;%5B%7B%22image%22%3A%223207%22%2C%22image_hover%22%3A%223207%22%2C%22link%22%3A%22Link%22%7D%2C%7B%22image%22%3A%223208%22%2C%22image_hover%22%3A%223208%22%2C%22link%22%3A%22Link%22%7D%2C%7B%22image%22%3A%223209%22%2C%22image_hover%22%3A%223209%22%2C%22link%22%3A%22Link%22%7D%2C%7B%22image%22%3A%223211%22%2C%22image_hover%22%3A%223211%22%2C%22link%22%3A%22Link%22%7D%2C%7B%22image%22%3A%223213%22%2C%22image_hover%22%3A%223213%22%2C%22link%22%3A%22Link%22%7D%2C%7B%22image%22%3A%223214%22%2C%22image_hover%22%3A%223214%22%2C%22link%22%3A%22Link%22%7D%2C%7B%22image%22%3A%223215%22%2C%22image_hover%22%3A%223215%22%2C%22link%22%3A%22Link%22%7D%5D&#8221;][tm_spacer size=&#8221;lg:130&#8243;][\/vc_column][\/vc_row]<\/p>\n","protected":false},"author":1,"featured_media":0,"parent":0,"menu_order":0,"comment_status":"closed","ping_status":"closed","template":"","meta":{"_joinchat":[]},"_links":{"self":[{"href":"https:\/\/soliteck.cl\/web\/wp-json\/wp\/v2\/pages\/2655"}],"collection":[{"href":"https:\/\/soliteck.cl\/web\/wp-json\/wp\/v2\/pages"}],"about":[{"href":"https:\/\/soliteck.cl\/web\/wp-json\/wp\/v2\/types\/page"}],"author":[{"embeddable":true,"href":"https:\/\/soliteck.cl\/web\/wp-json\/wp\/v2\/users\/1"}],"replies":[{"embeddable":true,"href":"https:\/\/soliteck.cl\/web\/wp-json\/wp\/v2\/comments?post=2655"}],"version-history":[{"count":37,"href":"https:\/\/soliteck.cl\/web\/wp-json\/wp\/v2\/pages\/2655\/revisions"}],"predecessor-version":[{"id":3224,"href":"https:\/\/soliteck.cl\/web\/wp-json\/wp\/v2\/pages\/2655\/revisions\/3224"}],"wp:attachment":[{"href":"https:\/\/soliteck.cl\/web\/wp-json\/wp\/v2\/media?parent=2655"}],"curies":[{"name":"wp","href":"https:\/\/api.w.org\/{rel}","templated":true}]}}